{"id":1135,"date":"2019-06-03T12:55:07","date_gmt":"2019-06-03T12:55:07","guid":{"rendered":"https:\/\/www.disgprofil.eu\/?page_id=1135"},"modified":"2023-08-10T17:16:19","modified_gmt":"2023-08-10T15:16:19","slug":"fuehrung","status":"publish","type":"page","link":"https:\/\/www.disgprofil.eu\/en\/disg-persoenlichkeitsprofil\/fuehrung\/","title":{"rendered":"Leadership"},"content":{"rendered":"<p><div class=\"fusion-bg-parallax\" data-bg-align=\"center top\" data-direction=\"left\" data-mute=\"false\" data-opacity=\"100\" data-velocity=\"-0.4\" data-mobile-enabled=\"false\" data-break_parents=\"0\" data-bg-image=\"https:\/\/www.disgprofil.eu\/wp-content\/uploads\/2019\/07\/disg_fuehrung_2.jpg\" data-bg-repeat=\"false\" ><\/div><div class=\"fusion-fullwidth fullwidth-box fusion-builder-row-1 fusion-parallax-left nonhundred-percent-fullwidth non-hundred-percent-height-scrolling\" style=\"--awb-background-position:center top;--awb-border-sizes-top:0px;--awb-border-sizes-bottom:0px;--awb-border-sizes-left:0px;--awb-border-sizes-right:0px;--awb-border-radius-top-left:0px;--awb-border-radius-top-right:0px;--awb-border-radius-bottom-right:0px;--awb-border-radius-bottom-left:0px;--awb-padding-top:13%;--awb-padding-right:5%;--awb-padding-bottom:13%;--awb-padding-left:5%;--awb-background-image:url(&quot;https:\/\/www.disgprofil.eu\/wp-content\/uploads\/2019\/07\/disg_fuehrung_2.jpg&quot;);--awb-background-size:cover;--awb-flex-wrap:wrap;\" ><div class=\"fusion-builder-row fusion-row\"><div class=\"fusion-layout-column fusion_builder_column fusion-builder-column-0 fusion_builder_column_1_1 1_1 fusion-one-full fusion-column-first fusion-column-last\" style=\"--awb-bg-color:rgba(183,183,183,0.5);--awb-bg-color-hover:rgba(183,183,183,0.5);--awb-bg-size:cover;\"><div class=\"fusion-column-wrapper fusion-column-has-shadow fusion-flex-column-wrapper-legacy\"><div class=\"fusion-sep-clear\"><\/div><div class=\"fusion-separator fusion-full-width-sep\" style=\"margin-left: auto;margin-right: auto;margin-top:10px;margin-bottom:10px;width:100%;\"><\/div><div class=\"fusion-sep-clear\"><\/div><div class=\"fusion-text fusion-text-1\"><h1 style=\"text-align: center;\"><span style=\"color: #ffffff;\">Leadership with Disc\u00ae<\/span><\/h1>\n<p style=\"font-size: 36px; line-height: 36px; text-align: center;\"><strong><span style=\"color: #ffffff;\">Better Relations, Better Results!<\/span><\/strong><\/p>\n<\/div><div class=\"fusion-sep-clear\"><\/div><div class=\"fusion-separator fusion-full-width-sep\" style=\"margin-left: auto;margin-right: auto;margin-top:10px;margin-bottom:10px;width:100%;\"><\/div><div class=\"fusion-sep-clear\"><\/div><div class=\"fusion-clearfix\"><\/div><\/div><\/div><\/div><\/div><div class=\"fusion-fullwidth fullwidth-box fusion-builder-row-2 nonhundred-percent-fullwidth non-hundred-percent-height-scrolling\" style=\"--awb-background-position:left top;--awb-border-sizes-top:0px;--awb-border-sizes-bottom:0px;--awb-border-sizes-left:0px;--awb-border-sizes-right:0px;--awb-border-radius-top-left:0px;--awb-border-radius-top-right:0px;--awb-border-radius-bottom-right:0px;--awb-border-radius-bottom-left:0px;--awb-padding-top:50px;--awb-background-color:rgba(255,255,255,0.5);--awb-flex-wrap:wrap;\" ><div class=\"fusion-builder-row fusion-row\"><div class=\"fusion-layout-column fusion_builder_column fusion-builder-column-1 fusion_builder_column_1_1 1_1 fusion-one-full fusion-column-first fusion-column-last\" style=\"--awb-bg-size:cover;\"><div class=\"fusion-column-wrapper fusion-flex-column-wrapper-legacy\"><div class=\"fusion-reading-box-container reading-box-container-1\" style=\"--awb-title-color:#333c4e;--awb-margin-top:0px;--awb-margin-bottom:84px;\"><div class=\"reading-box\" style=\"background-color:#f6f6f6;border-width:1px;border-color:#f6f6f6;border-left-width:3px;border-left-color:var(--primary_color);border-style:solid;\"><h2>The advantages for you, if you are using Everything Disc\u00ae in the guide:<\/h2><div class=\"reading-box-additional fusion-reading-box-additional\">\n<h3><i class=\"fb-icon-element-1 fb-icon-element fontawesome-icon fa-check fas circle-yes fusion-text-flow\" style=\"--awb-circlebordersize:1px;--awb-font-size:28.16px;--awb-width:56.32px;--awb-height:56.32px;--awb-line-height:54.32px;--awb-margin-right:16px;\"><\/i>A productive culture of Feedback<\/h3>\n<p>Improve your Feedback in employees*internal conversations. With the Everything Disc\u00ae profiles, you can give your employees*inside the correct type of productive Feedback, and jointly develop a realistic goal.<\/p>\n<h3><i class=\"fb-icon-element-2 fb-icon-element fontawesome-icon fa-check fas circle-yes fusion-text-flow\" style=\"--awb-circlebordersize:1px;--awb-font-size:28.16px;--awb-width:56.32px;--awb-height:56.32px;--awb-line-height:54.32px;--awb-margin-right:16px;\"><\/i>Scientifically proven<\/h3>\n<p>With 6 years of research, development, and the participation of 300 professionals, thousands of leaders, as well as 150 companies, based on Everything Disc\u00ae Work of Leaders at one of the largest meta-studies on the topic of leadership, ever.<\/p>\n<\/div><div class=\"fusion-clearfix\"><\/div><\/div><svg style=\"opacity:0.40;\" xmlns=\"http:\/\/www.w3.org\/2000\/svg\" version=\"1.1\" width=\"100%\" viewbox=\"0 0 600 28\" preserveaspectratio=\"none\"><g clip-path=\"url(#a)\"><mask id=\"b\" style=\"mask-type:luminance\" maskunits=\"userSpaceOnUse\" x=\"0\" y=\"0\" width=\"600\" height=\"28\"><path d=\"M0 0h600v28H0V0Z\" fill=\"#fff\"\/><\/mask><g filter=\"url(#c)\" mask=\"url(#b)\"><path d=\"M16.439-18.667h567.123v30.8S438.961-8.4 300-8.4C161.04-8.4 16.438 12.133 16.438 12.133v-30.8Z\" fill=\"#000\"\/><\/g><\/g><defs><clippath id=\"a\"><path fill=\"#fff\" d=\"M0 0h600v28H0z\"\/><\/clippath><filter id=\"c\" x=\"5.438\" y=\"-29.667\" width=\"589.123\" height=\"52.8\" filterunits=\"userSpaceOnUse\" color-interpolation-filters=\"sRGB\"><feflood flood-opacity=\"0\" result=\"BackgroundImageFix\"\/><feblend in=\"SourceGraphic\" in2=\"BackgroundImageFix\" result=\"shape\"\/><fegaussianblur stddeviation=\"5.5\" result=\"effect1_foregroundBlur_3983_183\"\/><\/filter><\/defs><\/svg><\/div><div class=\"fusion-clearfix\"><\/div><\/div><\/div><\/div><\/div><div class=\"fusion-fullwidth fullwidth-box fusion-builder-row-3 nonhundred-percent-fullwidth non-hundred-percent-height-scrolling\" style=\"--awb-background-position:left top;--awb-border-sizes-top:0px;--awb-border-sizes-bottom:0px;--awb-border-sizes-left:0px;--awb-border-sizes-right:0px;--awb-border-radius-top-left:0px;--awb-border-radius-top-right:0px;--awb-border-radius-bottom-right:0px;--awb-border-radius-bottom-left:0px;--awb-padding-bottom:30px;--awb-background-color:rgba(255,255,255,0.5);--awb-flex-wrap:wrap;\" ><div class=\"fusion-builder-row fusion-row\"><div class=\"fusion-layout-column fusion_builder_column fusion-builder-column-2 fusion_builder_column_2_3 2_3 fusion-two-third fusion-column-first\" style=\"--awb-bg-size:cover;width:65.3333%; margin-right: 4%;\"><div class=\"fusion-column-wrapper fusion-flex-column-wrapper-legacy\"><div class=\"fusion-title title fusion-title-1 fusion-sep-none fusion-title-text fusion-title-size-two\"><h2 class=\"fusion-title-heading title-heading-left fusion-responsive-typography-calculated\" style=\"margin:0;--fontSize:30;line-height:1.25;\">You can use Everything Disc\u00ae for their leadership<\/h2><\/div><div class=\"fusion-sep-clear\"><\/div><div class=\"fusion-separator fusion-full-width-sep\" style=\"margin-left: auto;margin-right: auto;margin-top:10px;margin-bottom:10px;width:100%;\"><\/div><div class=\"fusion-sep-clear\"><\/div><div class=\"fusion-text fusion-text-2\"><div class=\"vc_row wpb_row vc_row-fluid dt-default\">\n<div class=\"wpb_column vc_column_container vc_col-sm-12\">\n<div class=\"vc_column-inner\">\n<div class=\"wpb_wrapper\">\n<div class=\"wpb_text_column wpb_content_element\">\n<div class=\"wpb_wrapper\">\n<h3>Effective leadership is a critical success factor for your company is<\/h3>\n<p>The tasks in the position of leadership are many and varied and demanding: managers have to deal with the company&#039;s goals, tasks and action plan, staff*indoor delegate, monitor progress, and your employees*the inner lead. Communication is at the heart of good leadership is, therefore,. It is often neglected that the behavior of the leader in direct connection with the success, the Motivation, and the performance of your employees*is the inside. Because of this many responsible tasks often underestimate the importance of proper communication between management and your Team. Leadership is a One-to-many relationship. The Disc\u00aestyle of a man describes how to work it management processes. He also makes a statement about how much energy will be cost leaders of the various aspects of these steps. Why is this so important? Poor leadership can lead to negative consequences in terms of the working environment and in the next step, in terms of clients satisfaction. Many of the staff*of the interior to cancel due to the lack of attachment to their leader.<\/p>\n<\/div>\n<\/div>\n<\/div>\n<\/div>\n<h3>The largest meta-study on leadership ever<\/h3>\n<div class=\"vc_column-inner\">\n<div class=\"wpb_wrapper\">\n<div class=\"wpb_text_column wpb_content_element\">\n<div class=\"wpb_wrapper\">\n<p>With 6 years of research, development, and the participation of 300 professionals, thousands of leaders, as well as 150 companies, based on Everything Disc\u00ae Work of Leaders at one of the largest meta-studies on the topic of leadership, ever. Everything Disc\u00ae Work of Leaders shows you how different behavioural tendencies influence the leadership style of a Person. Of each Disc\u00ae style depends on how a leader leads the individual steps of a process.<\/p>\n<p>Everything Disc\u00ae Work of Leaders focuses on the three main pillars of leadership: Vision, alignment, execution. So Everything Disc\u00aeWork of Leaders and managers at all levels, helps to achieve better results.<\/p>\n<h3>Type-specific guide, satisfied employees*indoor<\/h3>\n<p>Everything Disc\u00ae Work of Leaders provides easy-to-use concepts that can be applied for managers at all levels. You should discuss this with a specially trained consultants of possible Strengths and areas for development, as well as specific opportunities and strategies, you will improve their efficiency and effectiveness as a leader, and when you realize your objectives.<\/p>\n<\/div>\n<\/div>\n<\/div>\n<\/div>\n<\/div>\n<\/div>\n<\/div><div class=\"fusion-clearfix\"><\/div><\/div><\/div><div class=\"fusion-layout-column fusion_builder_column fusion-builder-column-3 fusion_builder_column_1_3 1_3 fusion-one-third fusion-column-last\" style=\"--awb-bg-color:rgba(0,157,222,0.25);--awb-bg-color-hover:rgba(0,157,222,0.25);--awb-bg-size:cover;width:30.6666%;\"><div class=\"fusion-column-wrapper fusion-column-has-shadow fusion-flex-column-wrapper-legacy\"><div class=\"fusion-image-element fusion-image-align-center in-legacy-container\" style=\"text-align:center;--awb-caption-title-font-family:var(--h2_typography-font-family);--awb-caption-title-font-weight:var(--h2_typography-font-weight);--awb-caption-title-font-style:var(--h2_typography-font-style);--awb-caption-title-size:var(--h2_typography-font-size);--awb-caption-title-transform:var(--h2_typography-text-transform);--awb-caption-title-line-height:var(--h2_typography-line-height);--awb-caption-title-letter-spacing:var(--h2_typography-letter-spacing);\"><div class=\"imageframe-align-center\"><span class=\"fusion-imageframe imageframe-none imageframe-1 hover-type-none\"><img decoding=\"async\" width=\"500\" height=\"333\" alt=\"DiSG Personalauswahl Spezialistin Mag. Nina Nadlinger\" title=\"disc-contact-nina-nadlinger\" src=\"https:\/\/www.disgprofil.eu\/wp-content\/uploads\/2019\/05\/disg-kontakt-nina-nadlinger.jpg\" class=\"img-responsive wp-image-1077\" srcset=\"https:\/\/www.disgprofil.eu\/wp-content\/uploads\/2019\/05\/disg-kontakt-nina-nadlinger-200x133.jpg 200w, https:\/\/www.disgprofil.eu\/wp-content\/uploads\/2019\/05\/disg-kontakt-nina-nadlinger-400x266.jpg 400w, https:\/\/www.disgprofil.eu\/wp-content\/uploads\/2019\/05\/disg-kontakt-nina-nadlinger.jpg 500w\" sizes=\"(max-width: 800px) 100vw, 400px\" \/><\/span><\/div><\/div><div class=\"fusion-builder-row fusion-builder-row-inner fusion-row\"><div class=\"fusion-layout-column fusion_builder_column_inner fusion-builder-nested-column-0 fusion_builder_column_inner_1_1 1_1 fusion-one-full fusion-column-first fusion-column-last\" style=\"--awb-padding-right:20px;--awb-padding-left:20px;--awb-bg-size:cover;\"><div class=\"fusion-column-wrapper fusion-column-has-shadow fusion-flex-column-wrapper-legacy\"><div class=\"fusion-text fusion-text-3\"><h3><strong>Successful with DiSC\u00ae<\/strong><\/h3>\n<p>You can now benefit from the application of DiSC\u00ae in your company.<\/p>\n<p>Take that, you May contact our specialist. Nina Nadlinger on:<\/p>\n<p>Tel: +43 1 235 14 40<\/p>\n<\/div><div class=\"fusion-clearfix\"><\/div><\/div><\/div><\/div><div class=\"fusion-align-block\"><a class=\"fusion-button button-flat button-xlarge button-default fusion-button-default button-1 fusion-button-default-span fusion-button-default-type\" style=\"width:calc(100%);\" target=\"_self\" href=\"https:\/\/www.disgprofil.eu\/en\/kontakt\/\"><span class=\"fusion-button-text awb-button__text awb-button__text--default\">Contact<\/span><\/a><\/div><div class=\"fusion-clearfix\"><\/div><\/div><\/div><\/div><\/div><div class=\"fusion-fullwidth fullwidth-box fusion-builder-row-4 nonhundred-percent-fullwidth non-hundred-percent-height-scrolling\" style=\"--awb-background-position:left top;--awb-border-sizes-top:0px;--awb-border-sizes-bottom:0px;--awb-border-sizes-left:0px;--awb-border-sizes-right:0px;--awb-border-radius-top-left:0px;--awb-border-radius-top-right:0px;--awb-border-radius-bottom-right:0px;--awb-border-radius-bottom-left:0px;--awb-padding-top:30px;--awb-padding-bottom:30px;--awb-background-color:#f7f7f7;--awb-flex-wrap:wrap;\" ><div class=\"fusion-builder-row fusion-row\"><div class=\"fusion-layout-column fusion_builder_column fusion-builder-column-4 fusion_builder_column_1_1 1_1 fusion-one-full fusion-column-first fusion-column-last\" style=\"--awb-bg-size:cover;\"><div class=\"fusion-column-wrapper fusion-flex-column-wrapper-legacy\"><div class=\"fusion-title title fusion-title-2 fusion-sep-none fusion-title-text fusion-title-size-two\"><h2 class=\"fusion-title-heading title-heading-left fusion-responsive-typography-calculated\" style=\"margin:0;--fontSize:30;line-height:1.25;\">The Everything Disc\u00ae Tools for leadership<\/h2><\/div><div class=\"fusion-sep-clear\"><\/div><div class=\"fusion-separator fusion-full-width-sep\" style=\"margin-left: auto;margin-right: auto;margin-top:10px;margin-bottom:10px;width:100%;\"><\/div><div class=\"fusion-sep-clear\"><\/div><div class=\"fusion-content-boxes content-boxes columns row fusion-columns-1 fusion-columns-total-1 fusion-content-boxes-1 content-boxes-icon-on-side content-left\" style=\"--awb-hover-accent-color:#009dde;--awb-circle-hover-accent-color:#009dde;--awb-item-margin-bottom:40px;\" data-animationoffset=\"top-into-view\"><div style=\"--awb-backgroundcolor:rgba(255,255,255,0);--awb-content-padding-left:156px;\" class=\"fusion-column content-box-column content-box-column content-box-column-1 col-lg-12 col-md-12 col-sm-12 fusion-content-box-hover content-box-column-last content-box-column-last-in-row\"><div class=\"col content-box-wrapper content-wrapper link-area-link-icon link-type-text content-icon-wrapper-yes icon-hover-animation-fade\" data-animationoffset=\"top-into-view\"><div class=\"heading heading-with-icon icon-left\"><a class=\"heading-link\" href=\"https:\/\/www.disgprofil.eu\/en\/die-disg-profile\/work-of-leaders\/\" target=\"_self\"><div aria-hidden=\"true\" class=\"image\"><img decoding=\"async\" src=\"https:\/\/www.disgprofil.eu\/wp-content\/uploads\/2021\/09\/ed-icons_solutions-03-workofleaders.png\" width=\"136\" height=\"136\" alt=\"\" \/><\/div><h2 class=\"content-box-heading fusion-responsive-typography-calculated\" style=\"--h2_typography-font-size:22px;--fontSize:22;line-height:1.25;padding-left:156px;\">Work of Leaders new<\/h2><\/a><\/div><div class=\"fusion-clearfix\"><\/div><div class=\"content-container\">\n<p>With 6 years of research, development, and the participation of 300 professionals, thousands of leaders, as well as 150 companies, based on the Work of Leaders at one of the largest meta-studies on the topic of leadership, ever.<\/p>\n<p>Work of Leaders is a easy-to-use concept, which vividly describes the complexity of modern management. It focuses on three pillars: Vision, alignment and execution.<\/p>\n<p>While the other DiSC, the differences between different people explaining\u00aereports, wants to WOL to show how different behavioural tendencies influence the leadership style of a Person. All 4 Disc\u00ae styles, as well as mixed types thus have something to contribute to leadership success.<\/p>\n<p>Of each DiSC\u00ae style depends on how a leader leads the individual steps of the process. This is not an assessment, but only a statement about the style as a guide person. Goal of WOL is desired behaviors to develop and are based on proven Best Practices.<\/p>\n<\/div><div class=\"fusion-clearfix\"><\/div><a class=\"fusion-read-more\" style=\"margin-left:156px;\" href=\"https:\/\/www.disgprofil.eu\/en\/die-disg-profile\/work-of-leaders\/\" target=\"_self\">Read more<\/a><div class=\"fusion-clearfix\"><\/div><\/div><\/div><div class=\"fusion-clearfix\"><\/div><\/div><div class=\"fusion-clearfix\"><\/div><\/div><\/div><\/div><\/div><\/p>","protected":false},"excerpt":{"rendered":"","protected":false},"author":1,"featured_media":0,"parent":1027,"menu_order":20,"comment_status":"closed","ping_status":"closed","template":"100-width.php","meta":{"_acf_changed":false,"content-type":"","footnotes":""},"class_list":["post-1135","page","type-page","status-publish","hentry"],"acf":[],"yoast_head":"<!-- This site is optimized with the Yoast SEO plugin v26.6 - https:\/\/yoast.com\/wordpress\/plugins\/seo\/ -->\n<title>F\u00fchrung mit DiSG\u00ae: Work of Leaders f\u00fcr Ihre F\u00fchrungsarbeit<\/title>\n<meta name=\"description\" content=\"Typgerechte F\u00fchrung mit DiSG\u00ae: Work of Leaders liefert einfach anwendbare Konzepte f\u00fcr F\u00fchrungskr\u00e4fte aller Ebenen.\" \/>\n<meta name=\"robots\" content=\"index, follow, max-snippet:-1, max-image-preview:large, max-video-preview:-1\" \/>\n<link rel=\"canonical\" href=\"https:\/\/www.disgprofil.eu\/en\/disg-persoenlichkeitsprofil\/fuehrung\/\" \/>\n<meta property=\"og:locale\" content=\"en_US\" \/>\n<meta property=\"og:type\" content=\"article\" \/>\n<meta property=\"og:title\" content=\"F\u00fchrung mit DiSG\u00ae: Work of Leaders f\u00fcr Ihre F\u00fchrungsarbeit\" \/>\n<meta property=\"og:description\" content=\"Typgerechte F\u00fchrung mit DiSG\u00ae: Work of Leaders liefert einfach anwendbare Konzepte f\u00fcr F\u00fchrungskr\u00e4fte aller Ebenen.\" \/>\n<meta property=\"og:url\" content=\"https:\/\/www.disgprofil.eu\/en\/disg-persoenlichkeitsprofil\/fuehrung\/\" \/>\n<meta property=\"og:site_name\" content=\"DiSG-Profil\" \/>\n<meta property=\"article:modified_time\" content=\"2023-08-10T15:16:19+00:00\" \/>\n<meta name=\"twitter:card\" content=\"summary_large_image\" \/>\n<meta name=\"twitter:label1\" content=\"Est. reading time\" \/>\n\t<meta name=\"twitter:data1\" content=\"13 minutes\" \/>\n<script type=\"application\/ld+json\" class=\"yoast-schema-graph\">{\"@context\":\"https:\/\/schema.org\",\"@graph\":[{\"@type\":\"WebPage\",\"@id\":\"https:\/\/www.disgprofil.eu\/disg-persoenlichkeitsprofil\/fuehrung\/\",\"url\":\"https:\/\/www.disgprofil.eu\/disg-persoenlichkeitsprofil\/fuehrung\/\",\"name\":\"F\u00fchrung mit DiSG\u00ae: Work of Leaders f\u00fcr Ihre F\u00fchrungsarbeit\",\"isPartOf\":{\"@id\":\"https:\/\/www.disgprofil.eu\/#website\"},\"datePublished\":\"2019-06-03T12:55:07+00:00\",\"dateModified\":\"2023-08-10T15:16:19+00:00\",\"description\":\"Typgerechte F\u00fchrung mit DiSG\u00ae: Work of Leaders liefert einfach anwendbare Konzepte f\u00fcr F\u00fchrungskr\u00e4fte aller Ebenen.\",\"breadcrumb\":{\"@id\":\"https:\/\/www.disgprofil.eu\/disg-persoenlichkeitsprofil\/fuehrung\/#breadcrumb\"},\"inLanguage\":\"en-US\",\"potentialAction\":[{\"@type\":\"ReadAction\",\"target\":[\"https:\/\/www.disgprofil.eu\/disg-persoenlichkeitsprofil\/fuehrung\/\"]}]},{\"@type\":\"BreadcrumbList\",\"@id\":\"https:\/\/www.disgprofil.eu\/disg-persoenlichkeitsprofil\/fuehrung\/#breadcrumb\",\"itemListElement\":[{\"@type\":\"ListItem\",\"position\":1,\"name\":\"Startseite\",\"item\":\"https:\/\/www.disgprofil.eu\/\"},{\"@type\":\"ListItem\",\"position\":2,\"name\":\"Anwendungsbereiche\",\"item\":\"https:\/\/www.disgprofil.eu\/disg-persoenlichkeitsprofil\/\"},{\"@type\":\"ListItem\",\"position\":3,\"name\":\"F\u00fchrung\"}]},{\"@type\":\"WebSite\",\"@id\":\"https:\/\/www.disgprofil.eu\/#website\",\"url\":\"https:\/\/www.disgprofil.eu\/\",\"name\":\"DiSG-Profil\",\"description\":\"Das Werkzeug zur Pers\u00f6nlichkeits-Selbstanalyse\",\"publisher\":{\"@id\":\"https:\/\/www.disgprofil.eu\/#organization\"},\"potentialAction\":[{\"@type\":\"SearchAction\",\"target\":{\"@type\":\"EntryPoint\",\"urlTemplate\":\"https:\/\/www.disgprofil.eu\/?s={search_term_string}\"},\"query-input\":{\"@type\":\"PropertyValueSpecification\",\"valueRequired\":true,\"valueName\":\"search_term_string\"}}],\"inLanguage\":\"en-US\"},{\"@type\":\"Organization\",\"@id\":\"https:\/\/www.disgprofil.eu\/#organization\",\"name\":\"kaiblinger & partner\",\"url\":\"https:\/\/www.disgprofil.eu\/\",\"logo\":{\"@type\":\"ImageObject\",\"inLanguage\":\"en-US\",\"@id\":\"https:\/\/www.disgprofil.eu\/#\/schema\/logo\/image\/\",\"url\":\"https:\/\/www.disgprofil.eu\/wp-content\/uploads\/2019\/07\/kaiblinger-partner-logo-orig.jpg\",\"contentUrl\":\"https:\/\/www.disgprofil.eu\/wp-content\/uploads\/2019\/07\/kaiblinger-partner-logo-orig.jpg\",\"width\":1181,\"height\":354,\"caption\":\"kaiblinger & partner\"},\"image\":{\"@id\":\"https:\/\/www.disgprofil.eu\/#\/schema\/logo\/image\/\"}}]}<\/script>\n<!-- \/ Yoast SEO plugin. -->","yoast_head_json":{"title":"F\u00fchrung mit DiSG\u00ae: Work of Leaders f\u00fcr Ihre F\u00fchrungsarbeit","description":"Typgerechte F\u00fchrung mit DiSG\u00ae: Work of Leaders liefert einfach anwendbare Konzepte f\u00fcr F\u00fchrungskr\u00e4fte aller Ebenen.","robots":{"index":"index","follow":"follow","max-snippet":"max-snippet:-1","max-image-preview":"max-image-preview:large","max-video-preview":"max-video-preview:-1"},"canonical":"https:\/\/www.disgprofil.eu\/en\/disg-persoenlichkeitsprofil\/fuehrung\/","og_locale":"en_US","og_type":"article","og_title":"F\u00fchrung mit DiSG\u00ae: Work of Leaders f\u00fcr Ihre F\u00fchrungsarbeit","og_description":"Typgerechte F\u00fchrung mit DiSG\u00ae: Work of Leaders liefert einfach anwendbare Konzepte f\u00fcr F\u00fchrungskr\u00e4fte aller Ebenen.","og_url":"https:\/\/www.disgprofil.eu\/en\/disg-persoenlichkeitsprofil\/fuehrung\/","og_site_name":"DiSG-Profil","article_modified_time":"2023-08-10T15:16:19+00:00","twitter_card":"summary_large_image","twitter_misc":{"Est. reading time":"13 minutes"},"schema":{"@context":"https:\/\/schema.org","@graph":[{"@type":"WebPage","@id":"https:\/\/www.disgprofil.eu\/disg-persoenlichkeitsprofil\/fuehrung\/","url":"https:\/\/www.disgprofil.eu\/disg-persoenlichkeitsprofil\/fuehrung\/","name":"F\u00fchrung mit DiSG\u00ae: Work of Leaders f\u00fcr Ihre F\u00fchrungsarbeit","isPartOf":{"@id":"https:\/\/www.disgprofil.eu\/#website"},"datePublished":"2019-06-03T12:55:07+00:00","dateModified":"2023-08-10T15:16:19+00:00","description":"Typgerechte F\u00fchrung mit DiSG\u00ae: Work of Leaders liefert einfach anwendbare Konzepte f\u00fcr F\u00fchrungskr\u00e4fte aller Ebenen.","breadcrumb":{"@id":"https:\/\/www.disgprofil.eu\/disg-persoenlichkeitsprofil\/fuehrung\/#breadcrumb"},"inLanguage":"en-US","potentialAction":[{"@type":"ReadAction","target":["https:\/\/www.disgprofil.eu\/disg-persoenlichkeitsprofil\/fuehrung\/"]}]},{"@type":"BreadcrumbList","@id":"https:\/\/www.disgprofil.eu\/disg-persoenlichkeitsprofil\/fuehrung\/#breadcrumb","itemListElement":[{"@type":"ListItem","position":1,"name":"Startseite","item":"https:\/\/www.disgprofil.eu\/"},{"@type":"ListItem","position":2,"name":"Anwendungsbereiche","item":"https:\/\/www.disgprofil.eu\/disg-persoenlichkeitsprofil\/"},{"@type":"ListItem","position":3,"name":"F\u00fchrung"}]},{"@type":"WebSite","@id":"https:\/\/www.disgprofil.eu\/#website","url":"https:\/\/www.disgprofil.eu\/","name":"DiSG-Profil","description":"Das Werkzeug zur Pers\u00f6nlichkeits-Selbstanalyse","publisher":{"@id":"https:\/\/www.disgprofil.eu\/#organization"},"potentialAction":[{"@type":"SearchAction","target":{"@type":"EntryPoint","urlTemplate":"https:\/\/www.disgprofil.eu\/?s={search_term_string}"},"query-input":{"@type":"PropertyValueSpecification","valueRequired":true,"valueName":"search_term_string"}}],"inLanguage":"en-US"},{"@type":"Organization","@id":"https:\/\/www.disgprofil.eu\/#organization","name":"kaiblinger & partner","url":"https:\/\/www.disgprofil.eu\/","logo":{"@type":"ImageObject","inLanguage":"en-US","@id":"https:\/\/www.disgprofil.eu\/#\/schema\/logo\/image\/","url":"https:\/\/www.disgprofil.eu\/wp-content\/uploads\/2019\/07\/kaiblinger-partner-logo-orig.jpg","contentUrl":"https:\/\/www.disgprofil.eu\/wp-content\/uploads\/2019\/07\/kaiblinger-partner-logo-orig.jpg","width":1181,"height":354,"caption":"kaiblinger & partner"},"image":{"@id":"https:\/\/www.disgprofil.eu\/#\/schema\/logo\/image\/"}}]}},"_links":{"self":[{"href":"https:\/\/www.disgprofil.eu\/en\/wp-json\/wp\/v2\/pages\/1135","targetHints":{"allow":["GET"]}}],"collection":[{"href":"https:\/\/www.disgprofil.eu\/en\/wp-json\/wp\/v2\/pages"}],"about":[{"href":"https:\/\/www.disgprofil.eu\/en\/wp-json\/wp\/v2\/types\/page"}],"author":[{"embeddable":true,"href":"https:\/\/www.disgprofil.eu\/en\/wp-json\/wp\/v2\/users\/1"}],"replies":[{"embeddable":true,"href":"https:\/\/www.disgprofil.eu\/en\/wp-json\/wp\/v2\/comments?post=1135"}],"version-history":[{"count":0,"href":"https:\/\/www.disgprofil.eu\/en\/wp-json\/wp\/v2\/pages\/1135\/revisions"}],"up":[{"embeddable":true,"href":"https:\/\/www.disgprofil.eu\/en\/wp-json\/wp\/v2\/pages\/1027"}],"wp:attachment":[{"href":"https:\/\/www.disgprofil.eu\/en\/wp-json\/wp\/v2\/media?parent=1135"}],"curies":[{"name":"wp","href":"https:\/\/api.w.org\/{rel}","templated":true}]}}